{"id":33,"date":"2021-08-10T07:03:31","date_gmt":"2021-08-10T07:03:31","guid":{"rendered":"https:\/\/gallery-book.com\/?page_id=33"},"modified":"2025-04-30T13:26:20","modified_gmt":"2025-04-30T13:26:20","slug":"impressum","status":"publish","type":"page","link":"https:\/\/gallery-book.com\/index.php\/impressum\/","title":{"rendered":"Impressum"},"content":{"rendered":"\n<h2 class=\"wp-block-heading\">Wer ist f\u00fcrs Gallery Book verantwortlich?<\/h2>\n\n\n\n<p>Gallery Book ist ein nicht kommerzielles Projekt des Vereines <strong><em>Kulanzamt \u2013 kein Amt und unbefugt e.V.<\/em><\/strong> <\/p>\n\n\n\n<p>Der Verein ist auch <strong><em>verantwortlicher Betreiber dieses Internet-Auftritts<\/em><\/strong><\/p>\n\n\n\n<p>F\u00fcr alle teilnehmenden Kreativen gilt, dass durch die Teilnahme die Erlaubnis, das Bild \u00f6ffentlich im Rahmen des Projekts zu zeigen \u2013 auch online \u2013 unwiderruflich erteilt wird. Der Kontakt zu den Eltern wird ausnahmslos pers\u00f6nlich aufgenommen. Die Einwilligung der Eltern nicht vollj\u00e4hriger Teilnehmender ist zwingend erforderlich. Durch Teilnahme am Projekt erkl\u00e4ren die Teilnehmenden bzw. deren gesetzliche Vertreter unwiderruflich, dass das entsprechende Werk Teil des Projektes wird und in der Holz-Skulptur, auf Fotos, Druckwerken und im Internet gezeigt werden darf. <br>Kinder, die ihr Bild haben m\u00f6chten, k\u00f6nnen es nach Ende der Ausstellung wieder erhalten, das Bild wird dann nur fotografisch erfasst und bleibt als Foto weiterhin Teil des Projektes.<\/p>\n\n\n\n<p>Der Internet-Auftritt des Vereins enth\u00e4lt ausschlie\u00dflich nicht-kommerzielle Vereinsseiten. Sie dienen der Information und rein kulturellen Zwecken.<\/p>\n\n\n\n<p>Der Verein ist beim Registergericht Ulm eingetragen, Gesch\u00e4ftsnummer: VR 722097 vom 21.2.2022<\/p>\n\n\n\n<p><strong>Vorstand:<\/strong><\/p>\n\n\n\n<ol class=\"wp-block-list\">\n<li>Erste Vorsitzende:<br>Annette Stacheder<br>Friedhofstr. 2<br>88250 Weingarten<\/li>\n\n\n\n<li>Zweite Vorsitzende \/ Vertreterin und zust\u00e4ndig f\u00fcr den Bereich Finanzen:<br>Martina Fuchs<br>Herrenstr. 9<br>88212 Ravensburg<\/li>\n\n\n\n<li>PR und \u00d6ffentlichkeitsarbeit: Timmo Strohm,<\/li>\n\n\n\n<li>Broner Platz 3<br>88250 Weingarten<br>Telefon: <a href=\"tel:+497515681 3924\">0751 \/ 5681 \u2013 3924<\/a><br><a href=\"mailto:info@kulanzamt.de\">info@kulanzamt.de<\/a><\/li>\n<\/ol>\n\n\n\n<p>___________________________________________<\/p>\n\n\n\n<p><strong>Kulanzamt e.V engagiert sich f\u00fcr Kulturf\u00f6rderung.<\/strong><\/p>\n\n\n\n<p>Der Verein \u201eKulanzamt\u201c engagiert sich f\u00fcr Kulturf\u00f6rderung.<br>Die Vereinst\u00e4tigkeit verankert sich in einem erweiterten Feld von gegenw\u00e4rtigen Begrifflichkeiten, wie beispielsweise<\/p>\n\n\n\n<ul class=\"wp-block-list\">\n<li>Verantwortlichkeit gegen\u00fcber Kindern<br>*soziales, gesellschaftliches Zusammenwirken: inter-kulturell, inter-national<br>*Umweltbewu\u00dftsein, Umweltvertr\u00e4glichkeit und nachhaltige Technik<\/li>\n<\/ul>\n\n\n\n<p>Im Umgang mit vielf\u00e4ltigem Kunstschaffen pflegt und kultiviert der Verein<br>Offenheit, Toleranz und barrierefreis Denken, aber auch kritisches Bewu\u00dftsein im Aufsp\u00fcren von Qualit\u00e4ten.<\/p>\n","protected":false},"excerpt":{"rendered":"<p>Wer ist f\u00fcrs Gallery Book verantwortlich? Gallery Book ist ein nicht kommerzielles Projekt des Vereines Kulanzamt \u2013 kein Amt und unbefugt e.V. Der Verein ist auch verantwortlicher Betreiber dieses Internet-Auftritts F\u00fcr alle teilnehmenden Kreativen gilt, dass durch die Teilnahme die Erlaubnis, das Bild \u00f6ffentlich im Rahmen des Projekts zu zeigen \u2013 auch online \u2013 unwiderruflich &hellip; <\/p>\n<p class=\"link-more\"><a href=\"https:\/\/gallery-book.com\/index.php\/impressum\/\" class=\"more-link\"><span class=\"screen-reader-text\">\u201eImpressum\u201c<\/span> weiterlesen<\/a><\/p>\n","protected":false},"author":2,"featured_media":0,"parent":0,"menu_order":0,"comment_status":"closed","ping_status":"closed","template":"","meta":{"footnotes":""},"class_list":["post-33","page","type-page","status-publish","hentry"],"_links":{"self":[{"href":"https:\/\/gallery-book.com\/index.php\/wp-json\/wp\/v2\/pages\/33","targetHints":{"allow":["GET"]}}],"collection":[{"href":"https:\/\/gallery-book.com\/index.php\/wp-json\/wp\/v2\/pages"}],"about":[{"href":"https:\/\/gallery-book.com\/index.php\/wp-json\/wp\/v2\/types\/page"}],"author":[{"embeddable":true,"href":"https:\/\/gallery-book.com\/index.php\/wp-json\/wp\/v2\/users\/2"}],"replies":[{"embeddable":true,"href":"https:\/\/gallery-book.com\/index.php\/wp-json\/wp\/v2\/comments?post=33"}],"version-history":[{"count":4,"href":"https:\/\/gallery-book.com\/index.php\/wp-json\/wp\/v2\/pages\/33\/revisions"}],"predecessor-version":[{"id":280,"href":"https:\/\/gallery-book.com\/index.php\/wp-json\/wp\/v2\/pages\/33\/revisions\/280"}],"wp:attachment":[{"href":"https:\/\/gallery-book.com\/index.php\/wp-json\/wp\/v2\/media?parent=33"}],"curies":[{"name":"wp","href":"https:\/\/api.w.org\/{rel}","templated":true}]}}