{"id":35,"date":"2021-08-10T07:04:15","date_gmt":"2021-08-10T07:04:15","guid":{"rendered":"https:\/\/gallery-book.com\/?page_id=35"},"modified":"2021-08-10T07:04:15","modified_gmt":"2021-08-10T07:04:15","slug":"datenschutz","status":"publish","type":"page","link":"https:\/\/gallery-book.com\/index.php\/datenschutz\/","title":{"rendered":"Datenschutz"},"content":{"rendered":"\n<h1 class=\"wp-block-heading\">Datenschutz<\/h1>\n\n\n\n<h2 class=\"wp-block-heading\">Verantwortlich f\u00fcr den Datenschutz<\/h2>\n\n\n\n<p>Annette Stacheder<\/p>\n\n\n\n<h2 class=\"wp-block-heading\">Kontakt:<\/h2>\n\n\n\n<p>Malerei-Restaurierung Stacheder<br>Friedhofstr. 2<br>88250 Weingarten<\/p>\n\n\n\n<p><br>Tel: 0751 \/ 1 55 00<br>Mobil-Nr.: 0151 \/ 28213933<\/p>\n\n\n\n<p>DATENSCHUTZ<br><\/p>\n\n\n\n<p>DATENSCHUTZERKL\u00c4RUNG<\/p>\n\n\n\n<p><br>\u00a7 1 Grunds\u00e4tzliches<\/p>\n\n\n\n<p>Ihre &#8222;personenbezogenen Daten&#8220; (z.B. Anrede, Name, Anschrift, E-Mail-Adresse, Telefonnummer, Bankverbindung) werden von uns nur gem\u00e4\u00df den Bestimmungen des deutschen Datenschutzrechts verarbeitet. Die nachfolgenden Vorschriften informieren Sie \u00fcber Art, Umfang und Zweck der Erhebung, Verarbeitung und Nutzung personenbezogener Daten. Diese Datenschutzerkl\u00e4rung bezieht sich ausschlie\u00dflich auf diesen Internet-Auftritt. Falls Sie \u00fcber von unserer Webseite aus durch Links auf Internet-Auftritte anderer Firmen gelangen, informieren Sie sich bitte dort \u00fcber den dort implementierten Datenschutz.<br><\/p>\n\n\n\n<p>\u00a7 2 Bestandsdaten<br><\/p>\n\n\n\n<p>(1) Ihre personenbezogenen Daten, soweit diese f\u00fcr die Begr\u00fcndung, inhaltliche Ausgestaltung oder \u00c4nderung des Vertragsverh\u00e4ltnisses erforderlich sind (Bestandsdaten), werden ausschlie\u00dflich zur Vertragsabwicklung verwendet. So muss z.B. zur Zustellung von Briefen Ihr Name und Ihre Anschrift an den Versanddienstleister weitergegeben werden.<\/p>\n\n\n\n<p>(2) Ohne Ihre ausdr\u00fcckliche Einwilligung oder ohne gesetzliche Grundlage werden Ihre personenbezogenen Daten nicht an au\u00dferhalb des Vertragsverh\u00e4ltnisses stehende Dritte weitergegeben. Nach vollst\u00e4ndiger Vertragsabwicklung werden Ihre Daten f\u00fcr die weitere Verwendung gesperrt. Nach Ablauf der steuer- und handelsrechtlichen Fristen werden diese Daten gel\u00f6scht, sofern Sie nicht ausdr\u00fccklich in die weitere Nutzung eingewilligt haben.<br><\/p>\n\n\n\n<p>\u00a7 3 Kommentare<br><\/p>\n\n\n\n<p>Es besteht keine M\u00f6glichkeit, einen Kommentar zu verfassen. Bis zur Kl\u00e4rung der Rechtslage sind die interaktiven Funktionen abgeschaltet.<\/p>\n\n\n\n<p>\u00a7 4 Webanalyse: Cookies, Google Analytics<\/p>\n\n\n\n<p>Diese Website benutzt weder Google Analytics, noch Tracking, noch andere Webanalysedienste der Google Inc. (Google). Ebensowenig verwendet werden sog. Cookies, Textdateien, die auf Ihrem Computer gespeichert werden und die eine Analyse der Benutzung der Website durch Sie erm\u00f6glichen.<\/p>\n\n\n\n<p>\u00a7 5 Auskunft<\/p>\n\n\n\n<p>Nach dem Bundesdatenschutzgesetz (BDSG) haben Sie ein Recht auf unentgeltliche Auskunft \u00fcber Ihre gespeicherten Daten sowie ggf. ein Recht auf Berichtigung, Sperrung oder L\u00f6schung dieser Daten. webmaster@restaurierung-stacheder.de<\/p>\n","protected":false},"excerpt":{"rendered":"<p>Datenschutz Verantwortlich f\u00fcr den Datenschutz Annette Stacheder Kontakt: Malerei-Restaurierung StachederFriedhofstr. 288250 Weingarten Tel: 0751 \/ 1 55 00Mobil-Nr.: 0151 \/ 28213933 DATENSCHUTZ DATENSCHUTZERKL\u00c4RUNG \u00a7 1 Grunds\u00e4tzliches Ihre &#8222;personenbezogenen Daten&#8220; (z.B. Anrede, Name, Anschrift, E-Mail-Adresse, Telefonnummer, Bankverbindung) werden von uns nur gem\u00e4\u00df den Bestimmungen des deutschen Datenschutzrechts verarbeitet. Die nachfolgenden Vorschriften informieren Sie \u00fcber Art, Umfang &hellip; <\/p>\n<p class=\"link-more\"><a href=\"https:\/\/gallery-book.com\/index.php\/datenschutz\/\" class=\"more-link\"><span class=\"screen-reader-text\">\u201eDatenschutz\u201c<\/span> weiterlesen<\/a><\/p>\n","protected":false},"author":2,"featured_media":0,"parent":0,"menu_order":0,"comment_status":"closed","ping_status":"closed","template":"","meta":{"footnotes":""},"class_list":["post-35","page","type-page","status-publish","hentry"],"_links":{"self":[{"href":"https:\/\/gallery-book.com\/index.php\/wp-json\/wp\/v2\/pages\/35","targetHints":{"allow":["GET"]}}],"collection":[{"href":"https:\/\/gallery-book.com\/index.php\/wp-json\/wp\/v2\/pages"}],"about":[{"href":"https:\/\/gallery-book.com\/index.php\/wp-json\/wp\/v2\/types\/page"}],"author":[{"embeddable":true,"href":"https:\/\/gallery-book.com\/index.php\/wp-json\/wp\/v2\/users\/2"}],"replies":[{"embeddable":true,"href":"https:\/\/gallery-book.com\/index.php\/wp-json\/wp\/v2\/comments?post=35"}],"version-history":[{"count":1,"href":"https:\/\/gallery-book.com\/index.php\/wp-json\/wp\/v2\/pages\/35\/revisions"}],"predecessor-version":[{"id":36,"href":"https:\/\/gallery-book.com\/index.php\/wp-json\/wp\/v2\/pages\/35\/revisions\/36"}],"wp:attachment":[{"href":"https:\/\/gallery-book.com\/index.php\/wp-json\/wp\/v2\/media?parent=35"}],"curies":[{"name":"wp","href":"https:\/\/api.w.org\/{rel}","templated":true}]}}