{"id":6,"date":"2021-08-04T07:53:03","date_gmt":"2021-08-04T07:53:03","guid":{"rendered":"https:\/\/gallery-book.com\/?page_id=6"},"modified":"2021-08-10T07:14:50","modified_gmt":"2021-08-10T07:14:50","slug":"ueber-uns","status":"publish","type":"page","link":"https:\/\/gallery-book.com\/index.php\/ueber-uns\/","title":{"rendered":"\u00dcber uns"},"content":{"rendered":"\n<p>Diese Seiten beschreiben ein Projekt, das Kindern das Konzept &#8222;BUCH&#8220; nahebringen soll. <\/p>\n\n\n\n<p>Nahebringen bedeutet f\u00fcr uns, die Projektmacher, dass r\u00e4umliche N\u00e4he und inhaltlicher Bezug hergestellt wird. <\/p>\n\n\n\n<p>Darum steht ein gro\u00dfes Holz-Buch mit &#8222;richtigen&#8220; selbstgemalten Bildern am Spielplatz: Kinder haben\u00b4s gestaltet, Kinder k\u00f6nnen davorstehen und drumrumgehn, und Kinder k\u00f6nnen das Buch &#8211; etwas sp\u00e4ter, wenn das Projekt weiter ist &#8211; auch selbst in die Hand nehmen, anh\u00f6ren und anklicken.<\/p>\n\n\n\n<p>Es ist ein echtes &#8222;multichannel&#8220; Projekt. F\u00fcr Kinder geht es aber vor allem anderen ums Mitmachen, ums Anfassen und Dabeisein. <\/p>\n\n\n\n<p>Die Mitmach-Kinder unseres Projekts im Alter von Drei bis Dreizehn haben hier ihre erste \u00f6ffentliche Ausstellung und haben auch &#8222;ihr&#8220; erstes eigenes Buch verfasst. Das nicht nur zu wissen, sondern eben auch greifbar vor sich zu haben, ver\u00e4ndert was. Es macht, dass B\u00fccher nicht in einem separaten Geb\u00e4ude stehen oder von Gro\u00dfen wichtig \u00fcbergeben werden &#8211; &#8222;Buch&#8220; ist MEINS, das, was ich gemacht hab und was am Spielplatz rumsteht. <\/p>\n\n\n\n<p>Wir meinen, es ist schwerer, Hemmschwellen aufzubauen, wenn man neben etwas am Spielplatz wochenlang gesandelt und geschaukelt hat. <\/p>\n\n\n\n<p>Danke an alle Eltern f\u00fcrs Erlauben, Mithelfen und Dabeisein.<\/p>\n","protected":false},"excerpt":{"rendered":"<p>Diese Seiten beschreiben ein Projekt, das Kindern das Konzept &#8222;BUCH&#8220; nahebringen soll. Nahebringen bedeutet f\u00fcr uns, die Projektmacher, dass r\u00e4umliche N\u00e4he und inhaltlicher Bezug hergestellt wird. Darum steht ein gro\u00dfes Holz-Buch mit &#8222;richtigen&#8220; selbstgemalten Bildern am Spielplatz: Kinder haben\u00b4s gestaltet, Kinder k\u00f6nnen davorstehen und drumrumgehn, und Kinder k\u00f6nnen das Buch &#8211; etwas sp\u00e4ter, wenn das &hellip; <\/p>\n<p class=\"link-more\"><a href=\"https:\/\/gallery-book.com\/index.php\/ueber-uns\/\" class=\"more-link\"><span class=\"screen-reader-text\">\u201e\u00dcber uns\u201c<\/span> weiterlesen<\/a><\/p>\n","protected":false},"author":1,"featured_media":0,"parent":0,"menu_order":0,"comment_status":"closed","ping_status":"closed","template":"","meta":{"footnotes":""},"class_list":["post-6","page","type-page","status-publish","hentry"],"_links":{"self":[{"href":"https:\/\/gallery-book.com\/index.php\/wp-json\/wp\/v2\/pages\/6","targetHints":{"allow":["GET"]}}],"collection":[{"href":"https:\/\/gallery-book.com\/index.php\/wp-json\/wp\/v2\/pages"}],"about":[{"href":"https:\/\/gallery-book.com\/index.php\/wp-json\/wp\/v2\/types\/page"}],"author":[{"embeddable":true,"href":"https:\/\/gallery-book.com\/index.php\/wp-json\/wp\/v2\/users\/1"}],"replies":[{"embeddable":true,"href":"https:\/\/gallery-book.com\/index.php\/wp-json\/wp\/v2\/comments?post=6"}],"version-history":[{"count":3,"href":"https:\/\/gallery-book.com\/index.php\/wp-json\/wp\/v2\/pages\/6\/revisions"}],"predecessor-version":[{"id":41,"href":"https:\/\/gallery-book.com\/index.php\/wp-json\/wp\/v2\/pages\/6\/revisions\/41"}],"wp:attachment":[{"href":"https:\/\/gallery-book.com\/index.php\/wp-json\/wp\/v2\/media?parent=6"}],"curies":[{"name":"wp","href":"https:\/\/api.w.org\/{rel}","templated":true}]}}