{"id":7,"date":"2021-08-04T07:53:03","date_gmt":"2021-08-04T07:53:03","guid":{"rendered":"https:\/\/gallery-book.com\/?page_id=7"},"modified":"2024-06-19T20:50:16","modified_gmt":"2024-06-19T20:50:16","slug":"kontakt","status":"publish","type":"page","link":"https:\/\/gallery-book.com\/index.php\/kontakt\/","title":{"rendered":"Kontakt"},"content":{"rendered":"\n<h2 class=\"wp-block-heading\">Dies ist das Gallery Book Project von Annette Stacheder.<\/h2>\n\n\n\n<p>Das Gallery Book ist dazu gedacht, an jedem Ort, an dem es aufgebaut wird, Kinder zum Malen anzuregen. Es ist AUCH dazu gedacht, Au\u00dfenkunst zu f\u00f6rdern, da in Zeiten globaler Pandemien Kunstveranstaltungen und Kunst besser au\u00dfen als innen stattfinden.<\/p>\n\n\n\n<p>Kontakten Sie uns, wenn Sie eine Kindertagesst\u00e4tte, ein Spielplatzbetreiber oder eine vergleichbare Einrichtung sind und gerne eine kindgerechte, integrative Aktion durchf\u00fchren m\u00f6chten. Aktionsdauer ist mindestens vier Wochen, da der Auf- und Abbau des Gallery Book aufw\u00e4ndig ist.<\/p>\n\n\n\n<h2 class=\"wp-block-heading\">Kontakt:<\/h2>\n\n\n\n<p>Malerei-Restaurierung Stacheder<br>Friedhofstr. 2<br>88250 Weingarten<\/p>\n\n\n\n<p><br>Tel: 0751 \/ 1 55 00<br>Mobil-Nr.: 0151 \/ 28213933<\/p>\n\n\n\n<p>In dringenden F\u00e4llen k\u00f6nnen Sie Annette Stacheder<br>auch unter folgender Telefonnr. erreichen:<\/p>\n\n\n\n<h2 class=\"wp-block-heading\">Internet:<\/h2>\n\n\n\n<p>E-Mail: <a href=\"mailto:info@restaurierung-stacheder.de\">info@restaurierung-stacheder.de<\/a><\/p>\n\n\n\n<h2 class=\"wp-block-heading\">Teilnahmebedingungen<\/h2>\n\n\n\n<p>F\u00fcr alle teilnehmenden Kreativen gilt, dass durch die Teilnahme die Erlaubnis, das Bild \u00f6ffentlich im Rahmen des Projekts zu zeigen \u2013 auch online \u2013 unwiderruflich erteilt wird. Der Kontakt zu den Eltern wird ausnahmslos pers\u00f6nlich aufgenommen. Die Einwilligung der Eltern nicht vollj\u00e4hriger Teilnehmender ist zwingend erforderlich. Durch Teilnahme am Projekt erkl\u00e4ren die Teilnehmenden bzw. deren gesetzliche Vertreter unwiderruflich, dass das entsprechende Werk Teil des Projektes wird und in der Holz-Skulptur, auf Fotos, Druckwerken und im Internet gezeigt werden darf. <br>Kinder, die ihr Bild haben m\u00f6chten, k\u00f6nnen es nach Ende der Ausstellung wieder erhalten, das Bild wird dann nur fotografisch erfasst und bleibt als Foto weiterhin Teil des Projektes.<\/p>\n","protected":false},"excerpt":{"rendered":"<p>Dies ist das Gallery Book Project von Annette Stacheder. Das Gallery Book ist dazu gedacht, an jedem Ort, an dem es aufgebaut wird, Kinder zum Malen anzuregen. Es ist AUCH dazu gedacht, Au\u00dfenkunst zu f\u00f6rdern, da in Zeiten globaler Pandemien Kunstveranstaltungen und Kunst besser au\u00dfen als innen stattfinden. Kontakten Sie uns, wenn Sie eine Kindertagesst\u00e4tte, &hellip; <\/p>\n<p class=\"link-more\"><a href=\"https:\/\/gallery-book.com\/index.php\/kontakt\/\" class=\"more-link\"><span class=\"screen-reader-text\">\u201eKontakt\u201c<\/span> weiterlesen<\/a><\/p>\n","protected":false},"author":1,"featured_media":0,"parent":0,"menu_order":0,"comment_status":"closed","ping_status":"closed","template":"","meta":{"footnotes":""},"class_list":["post-7","page","type-page","status-publish","hentry"],"_links":{"self":[{"href":"https:\/\/gallery-book.com\/index.php\/wp-json\/wp\/v2\/pages\/7","targetHints":{"allow":["GET"]}}],"collection":[{"href":"https:\/\/gallery-book.com\/index.php\/wp-json\/wp\/v2\/pages"}],"about":[{"href":"https:\/\/gallery-book.com\/index.php\/wp-json\/wp\/v2\/types\/page"}],"author":[{"embeddable":true,"href":"https:\/\/gallery-book.com\/index.php\/wp-json\/wp\/v2\/users\/1"}],"replies":[{"embeddable":true,"href":"https:\/\/gallery-book.com\/index.php\/wp-json\/wp\/v2\/comments?post=7"}],"version-history":[{"count":6,"href":"https:\/\/gallery-book.com\/index.php\/wp-json\/wp\/v2\/pages\/7\/revisions"}],"predecessor-version":[{"id":216,"href":"https:\/\/gallery-book.com\/index.php\/wp-json\/wp\/v2\/pages\/7\/revisions\/216"}],"wp:attachment":[{"href":"https:\/\/gallery-book.com\/index.php\/wp-json\/wp\/v2\/media?parent=7"}],"curies":[{"name":"wp","href":"https:\/\/api.w.org\/{rel}","templated":true}]}}