{"id":71,"date":"2022-04-27T20:55:13","date_gmt":"2022-04-27T20:55:13","guid":{"rendered":"https:\/\/gallery-book.com\/?page_id=71"},"modified":"2022-04-27T20:55:13","modified_gmt":"2022-04-27T20:55:13","slug":"partner","status":"publish","type":"page","link":"https:\/\/gallery-book.com\/index.php\/partner\/","title":{"rendered":"Partner"},"content":{"rendered":"\n<p>Projektpartner f\u00fcr das Gallery Book sind zuallererst die Kinder, die mitgemacht haben. Ihre Namen werden aus Datenschutzgr\u00fcnden hier nicht genannt  (Datenschutz ist Kinderschutz).<\/p>\n\n\n\n<p>Das Projekt wurde unterst\u00fctzt von:<\/p>\n\n\n\n<p><a href=\"https:\/\/www.ravensburg.de\/rv\/kultur-freizeit-einkaufen\/kultur\/kultur-erleben.php\">Stadt Ravensburg, Kulturamt<\/a>. Herzlichen Dank an Frau Verena M\u00fcller f\u00fcr ihren fantastischen Einsatz!<\/p>\n\n\n\n<p><a href=\"https:\/\/naegele-moebel.de\/\">Schreinerei N\u00e4gele, Weingarten<\/a>. Danke f\u00fcr professionelle und vor allem kindersichere Arbeit, das war eine Glanzleistung!<\/p>\n\n\n\n<p><a href=\"https:\/\/www.strohm.it\/\">Strohm IT, Weingarten<\/a>. Danke f\u00fcr ehrenamtliches Webdesign.<\/p>\n","protected":false},"excerpt":{"rendered":"<p>Projektpartner f\u00fcr das Gallery Book sind zuallererst die Kinder, die mitgemacht haben. Ihre Namen werden aus Datenschutzgr\u00fcnden hier nicht genannt (Datenschutz ist Kinderschutz). Das Projekt wurde unterst\u00fctzt von: Stadt Ravensburg, Kulturamt. Herzlichen Dank an Frau Verena M\u00fcller f\u00fcr ihren fantastischen Einsatz! Schreinerei N\u00e4gele, Weingarten. Danke f\u00fcr professionelle und vor allem kindersichere Arbeit, das war eine &hellip; <\/p>\n<p class=\"link-more\"><a href=\"https:\/\/gallery-book.com\/index.php\/partner\/\" class=\"more-link\"><span class=\"screen-reader-text\">\u201ePartner\u201c<\/span> weiterlesen<\/a><\/p>\n","protected":false},"author":2,"featured_media":0,"parent":0,"menu_order":0,"comment_status":"closed","ping_status":"closed","template":"","meta":{"footnotes":""},"class_list":["post-71","page","type-page","status-publish","hentry"],"_links":{"self":[{"href":"https:\/\/gallery-book.com\/index.php\/wp-json\/wp\/v2\/pages\/71","targetHints":{"allow":["GET"]}}],"collection":[{"href":"https:\/\/gallery-book.com\/index.php\/wp-json\/wp\/v2\/pages"}],"about":[{"href":"https:\/\/gallery-book.com\/index.php\/wp-json\/wp\/v2\/types\/page"}],"author":[{"embeddable":true,"href":"https:\/\/gallery-book.com\/index.php\/wp-json\/wp\/v2\/users\/2"}],"replies":[{"embeddable":true,"href":"https:\/\/gallery-book.com\/index.php\/wp-json\/wp\/v2\/comments?post=71"}],"version-history":[{"count":1,"href":"https:\/\/gallery-book.com\/index.php\/wp-json\/wp\/v2\/pages\/71\/revisions"}],"predecessor-version":[{"id":72,"href":"https:\/\/gallery-book.com\/index.php\/wp-json\/wp\/v2\/pages\/71\/revisions\/72"}],"wp:attachment":[{"href":"https:\/\/gallery-book.com\/index.php\/wp-json\/wp\/v2\/media?parent=71"}],"curies":[{"name":"wp","href":"https:\/\/api.w.org\/{rel}","templated":true}]}}