{"id":76,"date":"2022-06-26T19:24:18","date_gmt":"2022-06-26T19:24:18","guid":{"rendered":"https:\/\/gallery-book.com\/?page_id=76"},"modified":"2025-08-01T09:41:42","modified_gmt":"2025-08-01T09:41:42","slug":"pressespiegel","status":"publish","type":"page","link":"https:\/\/gallery-book.com\/index.php\/pressespiegel\/","title":{"rendered":"Pressespiegel"},"content":{"rendered":"\n<p>&#8222;Gallery Book&#8220; ist ein Projekt der Ravensburg-Weingartener <a href=\"http:\/\/restaurierung-stacheder.de\/\">K\u00fcnstlerin Annette Stacheder<\/a>. Auf dieser Seite finden Sie die offiziellen Ver\u00f6ffentlichungen der St\u00e4dte sowie Presseartikel \u00fcber die Aktion<\/p>\n\n\n\n<p><strong>Weingarten<\/strong><\/p>\n\n\n\n<p><a href=\"https:\/\/www.schwaebische.de\/regional\/oberschwaben\/heimat\/jugendkunst-projekt-gallery-book-geht-in-weingarten-weiter-2862964\">https:\/\/www.schwaebische.de\/regional\/oberschwaben\/heimat\/jugendkunst-projekt-gallery-book-geht-in-weingarten-weiter-2862964<\/a><\/p>\n\n\n\n<p><strong>Biberach a.d. Riss<\/strong><\/p>\n\n\n\n<p><a href=\"https:\/\/www.schwaebische.de\/regional\/biberach\/biberach\/kunstaktion-gallery-book-macht-halt-in-biberacher-schulen-2111434\">https:\/\/www.schwaebische.de\/regional\/biberach\/biberach\/kunstaktion-gallery-book-macht-halt-in-biberacher-schulen-2111434<\/a><\/p>\n\n\n\n<p><\/p>\n\n\n\n<p><strong>Baienfurt<\/strong><\/p>\n\n\n\n<p><a href=\"https:\/\/www.schwaebische.de\/home_artikel,-kinder-machen-ein-riesenbuch-diesmal-in-baienfurt-_arid,11530716.html\">https:\/\/www.schwaebische.de\/home_artikel,-kinder-machen-ein-riesenbuch-diesmal-in-baienfurt-_arid,11530716.html<\/a><\/p>\n\n\n\n<p><strong>Ravensburg<\/strong><\/p>\n\n\n\n<p>Das &#8222;Gallery Book&#8220; wurde erstmals im Sommer 2022 in Ravensburg im Rahmen des Projektes &#8222;<a href=\"https:\/\/www.ravensburg.de\/rv\/kultur-freizeit-einkaufen\/kultur\/popup.php\">Popup &#8211; Kunst im Stadtraum<\/a>&#8220; aufgestellt. Es geh\u00f6rte zum F\u00f6rderprogramm &#8222;Neustart Kultur&#8220;. <\/p>\n\n\n\n<p><a href=\"https:\/\/www.ravensburg.de\/rv\/kultur-freizeit-einkaufen\/kultur\/gallerybook.php\">Die Seite des Gallery-Book Projektes auf den Webseiten der Stadt Ravensburg finden Sie hier.<\/a><\/p>\n\n\n\n<p>Die Lokalpresse nahm den Start des Projektes freundlich auf: &#8222;<a href=\"https:\/\/www.schwaebische.de\/sonderthemen\/ravensburg-verkaufsoffener-sonntag-september-jazztime-konzert-149097\">Am Kinderspielplatz beim Katzenlieselesturm schm\u00fcckt ein Gallery Book die Oberstadt.<\/a>&#8222;<\/p>\n","protected":false},"excerpt":{"rendered":"<p>&#8222;Gallery Book&#8220; ist ein Projekt der Ravensburg-Weingartener K\u00fcnstlerin Annette Stacheder. Auf dieser Seite finden Sie die offiziellen Ver\u00f6ffentlichungen der St\u00e4dte sowie Presseartikel \u00fcber die Aktion Weingarten https:\/\/www.schwaebische.de\/regional\/oberschwaben\/heimat\/jugendkunst-projekt-gallery-book-geht-in-weingarten-weiter-2862964 Biberach a.d. Riss https:\/\/www.schwaebische.de\/regional\/biberach\/biberach\/kunstaktion-gallery-book-macht-halt-in-biberacher-schulen-2111434 Baienfurt https:\/\/www.schwaebische.de\/home_artikel,-kinder-machen-ein-riesenbuch-diesmal-in-baienfurt-_arid,11530716.html Ravensburg Das &#8222;Gallery Book&#8220; wurde erstmals im Sommer 2022 in Ravensburg im Rahmen des Projektes &#8222;Popup &#8211; Kunst im Stadtraum&#8220; aufgestellt. Es &hellip; <\/p>\n<p class=\"link-more\"><a href=\"https:\/\/gallery-book.com\/index.php\/pressespiegel\/\" class=\"more-link\"><span class=\"screen-reader-text\">\u201ePressespiegel\u201c<\/span> weiterlesen<\/a><\/p>\n","protected":false},"author":2,"featured_media":0,"parent":0,"menu_order":0,"comment_status":"closed","ping_status":"closed","template":"","meta":{"footnotes":""},"class_list":["post-76","page","type-page","status-publish","hentry"],"_links":{"self":[{"href":"https:\/\/gallery-book.com\/index.php\/wp-json\/wp\/v2\/pages\/76","targetHints":{"allow":["GET"]}}],"collection":[{"href":"https:\/\/gallery-book.com\/index.php\/wp-json\/wp\/v2\/pages"}],"about":[{"href":"https:\/\/gallery-book.com\/index.php\/wp-json\/wp\/v2\/types\/page"}],"author":[{"embeddable":true,"href":"https:\/\/gallery-book.com\/index.php\/wp-json\/wp\/v2\/users\/2"}],"replies":[{"embeddable":true,"href":"https:\/\/gallery-book.com\/index.php\/wp-json\/wp\/v2\/comments?post=76"}],"version-history":[{"count":5,"href":"https:\/\/gallery-book.com\/index.php\/wp-json\/wp\/v2\/pages\/76\/revisions"}],"predecessor-version":[{"id":286,"href":"https:\/\/gallery-book.com\/index.php\/wp-json\/wp\/v2\/pages\/76\/revisions\/286"}],"wp:attachment":[{"href":"https:\/\/gallery-book.com\/index.php\/wp-json\/wp\/v2\/media?parent=76"}],"curies":[{"name":"wp","href":"https:\/\/api.w.org\/{rel}","templated":true}]}}