{"id":80,"date":"2022-06-26T20:44:30","date_gmt":"2022-06-26T20:44:30","guid":{"rendered":"https:\/\/gallery-book.com\/?page_id=80"},"modified":"2022-06-26T20:44:30","modified_gmt":"2022-06-26T20:44:30","slug":"mach-mit","status":"publish","type":"page","link":"https:\/\/gallery-book.com\/index.php\/mach-mit\/","title":{"rendered":"MACH MIT!"},"content":{"rendered":"\n<p>Hallo Kinder!!<\/p>\n\n\n\n<p>Hier findet Ihr das Erlaubnis-Formular! Das brauchen wir, um Euch und alle datenschutz-m\u00e4\u00dfig abzusichern. Einfach runterladen, ausf\u00fcllen und mit der bemalten Holzplatte abgeben! <\/p>\n\n\n\n<p>Ich freu mich, dass Ihr mitmacht!<\/p>\n\n\n\n<p>Ihre und Eure<\/p>\n\n\n\n<p>Annette Stacheder<\/p>\n\n\n\n<div data-wp-interactive=\"core\/file\" class=\"wp-block-file\"><object data-wp-bind--hidden=\"!state.hasPdfPreview\" hidden class=\"wp-block-file__embed\" data=\"https:\/\/gallery-book.com\/wp-content\/uploads\/2022\/06\/einverstaendnis-erklaerung-gallery-book-2022.pdf\" type=\"application\/pdf\" style=\"width:100%;height:600px\" aria-label=\"Einbettung von Einbettung von einverstaendnis-erklaerung-gallery-book-2022..\"><\/object><a id=\"wp-block-file--media-630569b5-815c-4d25-a19c-901e31946d68\" href=\"https:\/\/gallery-book.com\/wp-content\/uploads\/2022\/06\/einverstaendnis-erklaerung-gallery-book-2022.pdf\">einverstaendnis-erklaerung-gallery-book-2022<\/a><a href=\"https:\/\/gallery-book.com\/wp-content\/uploads\/2022\/06\/einverstaendnis-erklaerung-gallery-book-2022.pdf\" class=\"wp-block-file__button\" download aria-describedby=\"wp-block-file--media-630569b5-815c-4d25-a19c-901e31946d68\">Herunterladen<\/a><\/div>\n","protected":false},"excerpt":{"rendered":"<p>Hallo Kinder!! Hier findet Ihr das Erlaubnis-Formular! Das brauchen wir, um Euch und alle datenschutz-m\u00e4\u00dfig abzusichern. Einfach runterladen, ausf\u00fcllen und mit der bemalten Holzplatte abgeben! Ich freu mich, dass Ihr mitmacht! Ihre und Eure Annette Stacheder<\/p>\n","protected":false},"author":2,"featured_media":0,"parent":0,"menu_order":0,"comment_status":"closed","ping_status":"closed","template":"","meta":{"footnotes":""},"class_list":["post-80","page","type-page","status-publish","hentry"],"_links":{"self":[{"href":"https:\/\/gallery-book.com\/index.php\/wp-json\/wp\/v2\/pages\/80","targetHints":{"allow":["GET"]}}],"collection":[{"href":"https:\/\/gallery-book.com\/index.php\/wp-json\/wp\/v2\/pages"}],"about":[{"href":"https:\/\/gallery-book.com\/index.php\/wp-json\/wp\/v2\/types\/page"}],"author":[{"embeddable":true,"href":"https:\/\/gallery-book.com\/index.php\/wp-json\/wp\/v2\/users\/2"}],"replies":[{"embeddable":true,"href":"https:\/\/gallery-book.com\/index.php\/wp-json\/wp\/v2\/comments?post=80"}],"version-history":[{"count":2,"href":"https:\/\/gallery-book.com\/index.php\/wp-json\/wp\/v2\/pages\/80\/revisions"}],"predecessor-version":[{"id":113,"href":"https:\/\/gallery-book.com\/index.php\/wp-json\/wp\/v2\/pages\/80\/revisions\/113"}],"wp:attachment":[{"href":"https:\/\/gallery-book.com\/index.php\/wp-json\/wp\/v2\/media?parent=80"}],"curies":[{"name":"wp","href":"https:\/\/api.w.org\/{rel}","templated":true}]}}