{"id":96,"date":"2022-07-02T19:37:25","date_gmt":"2022-07-02T19:37:25","guid":{"rendered":"https:\/\/gallery-book.com\/?page_id=96"},"modified":"2026-03-27T19:18:12","modified_gmt":"2026-03-27T19:18:12","slug":"das-projekt","status":"publish","type":"page","link":"https:\/\/gallery-book.com\/index.php\/das-projekt\/","title":{"rendered":"Das Projekt"},"content":{"rendered":"\n<p>Unser Project Paper zum Download:<\/p>\n\n\n\n<p><a href=\"https:\/\/gallery-book.com\/wp-content\/uploads\/2026\/03\/projektmappe-gallery-book-2025-02.pdf\" data-type=\"attachment\" data-id=\"302\"><strong>Projektmappe 2026 &#8211; 1<\/strong><\/a><\/p>\n\n\n\n<p>&#8222;Gallery Book&#8220; ist ein gemeinn\u00fctziges Kunstprojekt. Es wird getragen vom Kulturverein &#8222;Kulanzamt &#8211; kein Amt und unbefugt e.V.&#8220; und wird \/ wurde unterst\u00fctzt vom Kulturamt Ravensburg, der Stadt Baienfurt, der Stadt Biberach, dem Wieland-Gymnasium Biberach und der B\u00fcrgerstiftung Biberach, sowie dem Kulturamt der Stadt Weingarten.<\/p>\n\n\n\n<p>Das Atelier Stacheder realisierte die Aktion erstmals im Jahr 2021 anl\u00e4sslich einer stadt-weiten Kunstaktion in Ravensburg &#8222;Popup &#8211; Kunst im Stadtraum&#8220;. Sie geh\u00f6rte zum F\u00f6rderprogramm &#8222;Neustart Kultur&#8220;.  <\/p>\n\n\n\n<h2 class=\"wp-block-heading\">Beschreibung des &#8222;Gallery-Book&#8220;<\/h2>\n\n\n\n<p> Die Buch-Skulptur besteht aus vier aufgef\u00e4cherten Holz-Paneelen, die die Buch-Seiten darstellen (jede der &#8222;Buch-Seiten&#8220; misst etwa 1,70m x 2m). Auf den Vorderseiten der Buchseiten sind 36 Gem\u00e4lde angebracht, die Kinder gefertigt haben. <\/p>\n\n\n\n<p>Die Auswahl der Kinder erfolgt nach den Gesichtspunkten gr\u00f6\u00dftm\u00f6glicher Diversit\u00e4t. So entsteht ein buntes Gesamtkonzept, in dem Kinder erstmals der breiten \u00d6ffentlichkeit ihre eigenen Werke zeigen &#8211; und auch erstmals bei einem &#8222;Buch-Projekt&#8220; mitmachen. So soll Neugier auf das Medium geweckt werden. <\/p>\n\n\n\n<p>Das Buch ist ein Wanderprojekt, das von Stadt zu Stadt weiterwandert und so Kunst der Kinder unterschiedlicher St\u00e4dte miteinander verbindet. Diese Web-Seite sammelt die Kunst. <\/p>\n\n\n\n<p>Hergestellt wurde das Riesenbuch von der Weingartener Schreinerei N\u00e4gele nach Entw\u00fcrfen der K\u00fcnstlerin Annette Stacheder. Sie f\u00fchrte auch die Farbgestaltung aus und beriet die Kinder in Technikfragen. Auch leitete sie in mehreren Kursen, etwa im Integrationiszentrum Weingarten, Kindergruppen an. Die kreative Gestaltung ist jedoch den Kindern \u00fcberlassen. Wichtig ist es der K\u00fcnstlerin hierbei, dass die Kinder Bilder malen, die sie selbst bestimmen und die ihnen Selbstbewusstsein geben. Sie d\u00fcrfen malen, was sie wollen. <\/p>\n\n\n\n<p>Dieses Konzept st\u00f6\u00dft bei allen Kindern auf gro\u00dfe Begeisterung. <\/p>\n\n\n\n<hr class=\"wp-block-separator has-alpha-channel-opacity\"\/>\n\n\n\n<p>&#8222;Gallery-Book&#8220; ist eine Marke des Ateliers Stacheder, Weingarten. Es ist dazu gedacht, Kindern, denen die Covid19 Pandemie mit all ihren Schwierigkeiten sehr zugesetzt hat, wieder Spa\u00df an ihrer Stadt, Freude an ihrer eigenen Kreativit\u00e4t und Spa\u00df am Miteinander zu vermitteln. Kinder sollen wieder erleben, dass sie in gr\u00f6\u00dfere Konzepte eingebunden sind, in denen sie ihrer Gemeinde als freundliche Unterst\u00fctzer dabei helfen k\u00f6nnen, wieder mit allen Menschen zusammen in die Zukunft zu starten. <\/p>\n\n\n\n<p>Das Projekt umfasst ein Realkunst-Konzept, das auch online umgesetzt wird.  Die  Gestaltung und Projektplanung geh\u00f6rt zur Methode der Aktionskunst und ist als Gesamtheit die gesch\u00fctzte kreative Eigenleistung der K\u00fcnstlerin. <\/p>\n","protected":false},"excerpt":{"rendered":"<p>Unser Project Paper zum Download: Projektmappe 2026 &#8211; 1 &#8222;Gallery Book&#8220; ist ein gemeinn\u00fctziges Kunstprojekt. Es wird getragen vom Kulturverein &#8222;Kulanzamt &#8211; kein Amt und unbefugt e.V.&#8220; und wird \/ wurde unterst\u00fctzt vom Kulturamt Ravensburg, der Stadt Baienfurt, der Stadt Biberach, dem Wieland-Gymnasium Biberach und der B\u00fcrgerstiftung Biberach, sowie dem Kulturamt der Stadt Weingarten. Das &hellip; <\/p>\n<p class=\"link-more\"><a href=\"https:\/\/gallery-book.com\/index.php\/das-projekt\/\" class=\"more-link\"><span class=\"screen-reader-text\">\u201eDas Projekt\u201c<\/span> weiterlesen<\/a><\/p>\n","protected":false},"author":2,"featured_media":0,"parent":0,"menu_order":0,"comment_status":"closed","ping_status":"closed","template":"","meta":{"footnotes":""},"class_list":["post-96","page","type-page","status-publish","hentry"],"_links":{"self":[{"href":"https:\/\/gallery-book.com\/index.php\/wp-json\/wp\/v2\/pages\/96","targetHints":{"allow":["GET"]}}],"collection":[{"href":"https:\/\/gallery-book.com\/index.php\/wp-json\/wp\/v2\/pages"}],"about":[{"href":"https:\/\/gallery-book.com\/index.php\/wp-json\/wp\/v2\/types\/page"}],"author":[{"embeddable":true,"href":"https:\/\/gallery-book.com\/index.php\/wp-json\/wp\/v2\/users\/2"}],"replies":[{"embeddable":true,"href":"https:\/\/gallery-book.com\/index.php\/wp-json\/wp\/v2\/comments?post=96"}],"version-history":[{"count":7,"href":"https:\/\/gallery-book.com\/index.php\/wp-json\/wp\/v2\/pages\/96\/revisions"}],"predecessor-version":[{"id":305,"href":"https:\/\/gallery-book.com\/index.php\/wp-json\/wp\/v2\/pages\/96\/revisions\/305"}],"wp:attachment":[{"href":"https:\/\/gallery-book.com\/index.php\/wp-json\/wp\/v2\/media?parent=96"}],"curies":[{"name":"wp","href":"https:\/\/api.w.org\/{rel}","templated":true}]}}